{"id":2256,"date":"2020-11-25T09:32:02","date_gmt":"2020-11-25T08:32:02","guid":{"rendered":"https:\/\/msos.uwr.edu.pl\/?page_id=2256"},"modified":"2025-10-02T12:26:03","modified_gmt":"2025-10-02T10:26:03","slug":"regulaminy-i-podania","status":"publish","type":"page","link":"https:\/\/msos.uwr.edu.pl\/en\/regulaminy-i-podania\/","title":{"rendered":"Regulaminy i podania"},"content":{"rendered":"\n<figure class=\"wp-block-image alignfull size-large\"><img loading=\"lazy\" decoding=\"async\" width=\"1024\" height=\"168\" src=\"https:\/\/msos.uwr.edu.pl\/wp-content\/uploads\/sites\/4\/2020\/11\/1-5-of-49-1024x168.jpg\" alt=\"Otwarta ksi\u0105\u017cka\" class=\"wp-image-2259\" srcset=\"https:\/\/msos.uwr.edu.pl\/wp-content\/uploads\/sites\/4\/2020\/11\/1-5-of-49-1024x168.jpg 1024w, https:\/\/msos.uwr.edu.pl\/wp-content\/uploads\/sites\/4\/2020\/11\/1-5-of-49-300x49.jpg 300w, https:\/\/msos.uwr.edu.pl\/wp-content\/uploads\/sites\/4\/2020\/11\/1-5-of-49-768x126.jpg 768w, https:\/\/msos.uwr.edu.pl\/wp-content\/uploads\/sites\/4\/2020\/11\/1-5-of-49-1536x251.jpg 1536w, https:\/\/msos.uwr.edu.pl\/wp-content\/uploads\/sites\/4\/2020\/11\/1-5-of-49-2048x335.jpg 2048w\" sizes=\"auto, (max-width: 1024px) 100vw, 1024px\" \/><\/figure>\n\n\n\n<div style=\"height:50px\" aria-hidden=\"true\" class=\"wp-block-spacer\"><\/div>\n\n\n\n<h1 class=\"wp-block-heading has-black-color has-text-color\" style=\"font-size:40px\">Regulaminy<\/h1>\n\n\n\n<div style=\"height:20px\" aria-hidden=\"true\" class=\"wp-block-spacer\"><\/div>\n\n\n\n<div class=\"wp-block-columns is-layout-flex wp-block-columns-is-layout-flex\">\n<div class=\"wp-block-column is-layout-flow wp-block-column-is-layout-flow\"><div class=\"bs_fileDownloadURL\">\n<div class=\"wp-block-file\"><a id=\"wp-block-file--media-a704ef2a-ffdd-4206-928e-7dd11f4317b6\" href=\"https:\/\/msos.uwr.edu.pl\/wp-content\/uploads\/sites\/4\/2024\/11\/Uchwala-Nr-68_2024-Senatu-UWr-z-2024-04-24-w-sprawie-regulaminu-studiow-na-Uniwersytecie-Wroclawskim-1-1.pdf\">Uchwala Nr 68\/2024 Senatu UWr z 2024-04-24 w sprawie regulaminu studi\u00f3w na Uniwersytecie Wroc\u0142awskim<\/a><\/div>\n<a href=\"https:\/\/msos.uwr.edu.pl\/wp-content\/uploads\/sites\/4\/2024\/11\/Uchwala-Nr-68_2024-Senatu-UWr-z-2024-04-24-w-sprawie-regulaminu-studiow-na-Uniwersytecie-Wroclawskim-1-1.pdf\" download><span>PDF 311 KB<\/span><span><img decoding=\"async\" src=\"https:\/\/msos.uwr.edu.pl\/wp-content\/themes\/jednostka\/img\/bs_downloadArrow.svg\" alt=\"Ikona pobierania\"><\/span><\/a><\/div>\n\n\n<div style=\"height:20px\" aria-hidden=\"true\" class=\"wp-block-spacer\"><\/div>\n\n\n<div class=\"bs_fileDownloadURL\">\n<div class=\"wp-block-file\"><a id=\"wp-block-file--media-59e51d08-6af6-47d9-bb05-d6b2804f6808\" href=\"https:\/\/msos.uwr.edu.pl\/wp-content\/uploads\/sites\/4\/2024\/12\/MSOS-2024-Zalacznik-do-regulaminu-studiow-aktualny.docx\">Za\u0142\u0105cznik do regulaminu studi\u00f3w obowi\u0105zuj\u0105cy dla MSO\u015a (aktualizacja 2024)<\/a><\/div>\n<a href=\"https:\/\/msos.uwr.edu.pl\/wp-content\/uploads\/sites\/4\/2024\/12\/MSOS-2024-Zalacznik-do-regulaminu-studiow-aktualny.docx\" download><span>DOCX 32 KB<\/span><span><img decoding=\"async\" src=\"https:\/\/msos.uwr.edu.pl\/wp-content\/themes\/jednostka\/img\/bs_downloadArrow.svg\" alt=\"Ikona pobierania\"><\/span><\/a><\/div>\n\n\n<div style=\"height:20px\" aria-hidden=\"true\" class=\"wp-block-spacer\"><\/div>\n\n\n<div class=\"bs_fileDownloadURL\">\n<div class=\"wp-block-file\"><a id=\"wp-block-file--media-1e3ee828-a88e-4bd6-a79d-6cdd266bb5c2\" href=\"https:\/\/msos.uwr.edu.pl\/wp-content\/uploads\/sites\/4\/2020\/11\/Procedura-ankieta-losow-absolwenta.pdf\">Procedura &#8211; Ankieta los\u00f3w absolwenta<\/a><\/div>\n<a href=\"https:\/\/msos.uwr.edu.pl\/wp-content\/uploads\/sites\/4\/2020\/11\/Procedura-ankieta-losow-absolwenta.pdf\" download><span>PDF 362 KB<\/span><span><img decoding=\"async\" src=\"https:\/\/msos.uwr.edu.pl\/wp-content\/themes\/jednostka\/img\/bs_downloadArrow.svg\" alt=\"Ikona pobierania\"><\/span><\/a><\/div>\n\n\n<div style=\"height:20px\" aria-hidden=\"true\" class=\"wp-block-spacer\"><\/div>\n\n\n<div class=\"bs_fileDownloadURL\">\n<div class=\"wp-block-file\"><a id=\"wp-block-file--media-ececbdb9-8ced-4a3e-a08b-cae35e060515\" href=\"https:\/\/msos.uwr.edu.pl\/wp-content\/uploads\/sites\/4\/2020\/11\/Ankieta-losow-zawodowych-absolwentow-kierunku-ochrony-srodowiska-UWr.pdf\">Ankieta los\u00f3w zawodowych absolwnt\u00f3w kierunku ochrony \u015brodowiska UWr<\/a><\/div>\n<a href=\"https:\/\/msos.uwr.edu.pl\/wp-content\/uploads\/sites\/4\/2020\/11\/Ankieta-losow-zawodowych-absolwentow-kierunku-ochrony-srodowiska-UWr.pdf\" download><span>PDF 212 KB<\/span><span><img decoding=\"async\" src=\"https:\/\/msos.uwr.edu.pl\/wp-content\/themes\/jednostka\/img\/bs_downloadArrow.svg\" alt=\"Ikona pobierania\"><\/span><\/a><\/div>\n\n\n<div style=\"height:20px\" aria-hidden=\"true\" class=\"wp-block-spacer\"><\/div>\n\n\n<div class=\"bs_fileDownloadURL\">\n<div class=\"wp-block-file\"><a id=\"wp-block-file--media-d66689b2-70af-4ff4-84ed-2ac13a4ce8c3\" href=\"https:\/\/msos.uwr.edu.pl\/wp-content\/uploads\/sites\/4\/2024\/06\/Formularz-1.pdf\">Formularz o\u015bwiadczenia udzia\u0142u w ankiecie los\u00f3w zawodowych absolwent\u00f3w<\/a><\/div>\n<a href=\"https:\/\/msos.uwr.edu.pl\/wp-content\/uploads\/sites\/4\/2024\/06\/Formularz-1.pdf\" download><span>PDF 128 KB<\/span><span><img decoding=\"async\" src=\"https:\/\/msos.uwr.edu.pl\/wp-content\/themes\/jednostka\/img\/bs_downloadArrow.svg\" alt=\"Ikona pobierania\"><\/span><\/a><\/div>\n\n\n<div style=\"height:20px\" aria-hidden=\"true\" class=\"wp-block-spacer\"><\/div>\n\n\n<div class=\"bs_fileDownloadURL\">\n<div class=\"wp-block-file\"><a id=\"wp-block-file--media-e1d37c7c-2eb0-4fc9-992e-615912f3cab2\" href=\"https:\/\/msos.uwr.edu.pl\/wp-content\/uploads\/sites\/4\/2020\/12\/nr-123_2020-z-dnia-23092020-r-reg-org-msos.pdf\">Regulamin organizacyjny MSO\u015a<\/a><\/div>\n<a href=\"https:\/\/msos.uwr.edu.pl\/wp-content\/uploads\/sites\/4\/2020\/12\/nr-123_2020-z-dnia-23092020-r-reg-org-msos.pdf\" download><span>PDF 64 KB<\/span><span><img decoding=\"async\" src=\"https:\/\/msos.uwr.edu.pl\/wp-content\/themes\/jednostka\/img\/bs_downloadArrow.svg\" alt=\"Ikona pobierania\"><\/span><\/a><\/div>\n\n\n<div style=\"height:20px\" aria-hidden=\"true\" class=\"wp-block-spacer\"><\/div>\n\n\n<div class=\"bs_fileDownloadURL\">\n<div class=\"wp-block-file\"><a id=\"wp-block-file--media-eac36ef7-d0f1-4f7c-aeae-c5da6804d1c4\" href=\"https:\/\/msos.uwr.edu.pl\/wp-content\/uploads\/sites\/4\/2020\/12\/Porozumienie-Wydzialow-w-sprawie-MSOS.pdf\">Porozumienie Wydzia\u0142\u00f3w w sprawie MSO\u015a<\/a><\/div>\n<a href=\"https:\/\/msos.uwr.edu.pl\/wp-content\/uploads\/sites\/4\/2020\/12\/Porozumienie-Wydzialow-w-sprawie-MSOS.pdf\" download><span>PDF 1 MB<\/span><span><img decoding=\"async\" src=\"https:\/\/msos.uwr.edu.pl\/wp-content\/themes\/jednostka\/img\/bs_downloadArrow.svg\" alt=\"Ikona pobierania\"><\/span><\/a><\/div>\n\n\n<div style=\"height:20px\" aria-hidden=\"true\" class=\"wp-block-spacer\"><\/div>\n\n\n<div class=\"bs_fileDownloadURL\">\n<div class=\"wp-block-file\"><a id=\"wp-block-file--media-fd3b216c-b44b-4a1e-b438-596e593dcf5b\" href=\"https:\/\/msos.uwr.edu.pl\/wp-content\/uploads\/sites\/4\/2020\/11\/Opis-struktury-organizacyjno_decyzyjnej_MSOS_20170112-2.pdf\">Opis struktury organizacyjno-decyzyjnej MSO\u015a (archiwalny, zast\u0105piony przez Regulamin organizacyjny i Porozumienie Wydzia\u0142\u00f3w)<\/a><\/div>\n<a href=\"https:\/\/msos.uwr.edu.pl\/wp-content\/uploads\/sites\/4\/2020\/11\/Opis-struktury-organizacyjno_decyzyjnej_MSOS_20170112-2.pdf\" download><span>PDF 168 KB<\/span><span><img decoding=\"async\" src=\"https:\/\/msos.uwr.edu.pl\/wp-content\/themes\/jednostka\/img\/bs_downloadArrow.svg\" alt=\"Ikona pobierania\"><\/span><\/a><\/div>\n\n\n<div style=\"height:20px\" aria-hidden=\"true\" class=\"wp-block-spacer\"><\/div>\n\n\n<div class=\"bs_fileDownloadURL\">\n<div class=\"wp-block-file\"><a id=\"wp-block-file--media-ddeab285-8cfe-4b54-aafb-0d2d39835658\" href=\"https:\/\/msos.uwr.edu.pl\/wp-content\/uploads\/sites\/4\/2020\/11\/Procedura_skarg-i-wnioskow_-MSOS_20170103.pdf\">Procedura skarg i wniosk\u00f3w MSO\u015a<\/a><\/div>\n<a href=\"https:\/\/msos.uwr.edu.pl\/wp-content\/uploads\/sites\/4\/2020\/11\/Procedura_skarg-i-wnioskow_-MSOS_20170103.pdf\" download><span>PDF 119 KB<\/span><span><img decoding=\"async\" src=\"https:\/\/msos.uwr.edu.pl\/wp-content\/themes\/jednostka\/img\/bs_downloadArrow.svg\" alt=\"Ikona pobierania\"><\/span><\/a><\/div>\n\n\n<div style=\"height:20px\" aria-hidden=\"true\" class=\"wp-block-spacer\"><\/div>\n\n\n<div class=\"bs_fileDownloadURL\">\n<div class=\"wp-block-file\"><a id=\"wp-block-file--media-5f9a794f-8b6e-4e53-9d23-496a1f7a4f7f\" href=\"https:\/\/msos.uwr.edu.pl\/wp-content\/uploads\/sites\/4\/2022\/06\/Procedura-dyplomowania-MSOS-2022_1.AS_.pdf\">Procedura dyplomowania MSO\u015a od 2022<\/a><\/div>\n<a href=\"https:\/\/msos.uwr.edu.pl\/wp-content\/uploads\/sites\/4\/2022\/06\/Procedura-dyplomowania-MSOS-2022_1.AS_.pdf\" download><span>PDF 453 KB<\/span><span><img decoding=\"async\" src=\"https:\/\/msos.uwr.edu.pl\/wp-content\/themes\/jednostka\/img\/bs_downloadArrow.svg\" alt=\"Ikona pobierania\"><\/span><\/a><\/div>\n\n\n<div style=\"height:20px\" aria-hidden=\"true\" class=\"wp-block-spacer\"><\/div>\n\n\n<div class=\"bs_fileDownloadURL\">\n<div class=\"wp-block-file\"><a id=\"wp-block-file--media-d7cf9567-4e97-4674-99e6-cb985ef81a55\" href=\"https:\/\/msos.uwr.edu.pl\/wp-content\/uploads\/sites\/4\/2023\/03\/Regulamin-praktyk-MSOS-2022_23.zip\">Regulamin praktyk MSO\u015a od 2022\/23<\/a><\/div>\n<a href=\"https:\/\/msos.uwr.edu.pl\/wp-content\/uploads\/sites\/4\/2023\/03\/Regulamin-praktyk-MSOS-2022_23.zip\" download><span>ZIP 590 KB<\/span><span><img decoding=\"async\" src=\"https:\/\/msos.uwr.edu.pl\/wp-content\/themes\/jednostka\/img\/bs_downloadArrow.svg\" alt=\"Ikona pobierania\"><\/span><\/a><\/div>\n\n\n<div style=\"height:20px\" aria-hidden=\"true\" class=\"wp-block-spacer\"><\/div>\n\n\n<div class=\"bs_fileDownloadURL\">\n<div class=\"wp-block-file\"><a id=\"wp-block-file--media-f9b7c438-dfb0-4c40-90b6-a60f3cfca290\" href=\"https:\/\/msos.uwr.edu.pl\/wp-content\/uploads\/sites\/4\/2025\/10\/Praktyki-zawodowe-MSOS_wykaz-instytucji-1-11-4.xlsx\">Praktyki zawodowe MSOS wykaz instytucji, w kt\u00f3rych by\u0142y realizowane<\/a><\/div>\n<a href=\"https:\/\/msos.uwr.edu.pl\/wp-content\/uploads\/sites\/4\/2025\/10\/Praktyki-zawodowe-MSOS_wykaz-instytucji-1-11-4.xlsx\" download><span>XLSX 83 KB<\/span><span><img decoding=\"async\" src=\"https:\/\/msos.uwr.edu.pl\/wp-content\/themes\/jednostka\/img\/bs_downloadArrow.svg\" alt=\"Ikona pobierania\"><\/span><\/a><\/div>\n\n\n<div style=\"height:20px\" aria-hidden=\"true\" class=\"wp-block-spacer\"><\/div>\n\n\n<div class=\"bs_fileDownloadURL\">\n<div class=\"wp-block-file\"><a id=\"wp-block-file--media-6e37ce47-5a47-4549-9b4f-2a82f6899f71\" href=\"https:\/\/msos.uwr.edu.pl\/wp-content\/uploads\/sites\/4\/2020\/12\/lib-regulamin_cwiczen_terenowych_wnzks.pdf\">Regulamin \u0107wicze\u0144 terenowych realizowanych na WNZK\u015a<\/a><\/div>\n<a href=\"https:\/\/msos.uwr.edu.pl\/wp-content\/uploads\/sites\/4\/2020\/12\/lib-regulamin_cwiczen_terenowych_wnzks.pdf\" download><span>PDF 70 KB<\/span><span><img decoding=\"async\" src=\"https:\/\/msos.uwr.edu.pl\/wp-content\/themes\/jednostka\/img\/bs_downloadArrow.svg\" alt=\"Ikona pobierania\"><\/span><\/a><\/div>\n\n\n<div style=\"height:20px\" aria-hidden=\"true\" class=\"wp-block-spacer\"><\/div>\n<\/div>\n\n\n\n<div class=\"wp-block-column is-layout-flow wp-block-column-is-layout-flow\" style=\"flex-basis:35%\">\n<figure class=\"wp-block-image aligncenter size-large is-resized\"><img loading=\"lazy\" decoding=\"async\" width=\"90\" height=\"121\" src=\"https:\/\/msos.uwr.edu.pl\/wp-content\/uploads\/sites\/4\/2020\/11\/clipboard.svg\" alt=\"Ikona dokmentu\" class=\"wp-image-2020\" style=\"width:120px;height:160px\"\/><\/figure>\n\n\n\n<p><\/p>\n<\/div>\n<\/div>\n\n\n\n<div style=\"height:50px\" aria-hidden=\"true\" class=\"wp-block-spacer\"><\/div>\n\n\n\n<h2 class=\"wp-block-heading has-black-color has-text-color\" style=\"font-size:40px\">Podania<\/h2>\n\n\n\n<div class=\"wp-block-columns is-layout-flex wp-block-columns-is-layout-flex\">\n<div class=\"wp-block-column is-layout-flow wp-block-column-is-layout-flow\">\n<div style=\"height:20px\" aria-hidden=\"true\" class=\"wp-block-spacer\"><\/div>\n\n\n<div class=\"bs_fileDownloadURL\">\n<div class=\"wp-block-file\"><a id=\"wp-block-file--media-b4eb790a-6733-4ad1-bed8-13a076b70b38\" href=\"https:\/\/msos.uwr.edu.pl\/wp-content\/uploads\/sites\/4\/2024\/12\/Podanie-o-powtarzanie-niezaliczonych-przedmiotow-2.docx\">Podanie o powtarzanie niezaliczonych przedmiot\u00f3w <\/a><\/div>\n<a href=\"https:\/\/msos.uwr.edu.pl\/wp-content\/uploads\/sites\/4\/2024\/12\/Podanie-o-powtarzanie-niezaliczonych-przedmiotow-2.docx\" download><span>DOCX 15 KB<\/span><span><img decoding=\"async\" src=\"https:\/\/msos.uwr.edu.pl\/wp-content\/themes\/jednostka\/img\/bs_downloadArrow.svg\" alt=\"Ikona pobierania\"><\/span><\/a><\/div>\n\n\n<div style=\"height:20px\" aria-hidden=\"true\" class=\"wp-block-spacer\"><\/div>\n\n\n<div class=\"bs_fileDownloadURL\">\n<div class=\"wp-block-file\"><a id=\"wp-block-file--media-f099e28a-91df-4bf7-82da-e291f2c281cb\" href=\"https:\/\/msos.uwr.edu.pl\/wp-content\/uploads\/sites\/4\/2024\/12\/Podanie-o-wznowienie-studiow-na-czas-obrony-I-stopien-2.docx\">Podanie o wznowienie studi\u00f3w w celu obrony I stopie\u0144<\/a><\/div>\n<a href=\"https:\/\/msos.uwr.edu.pl\/wp-content\/uploads\/sites\/4\/2024\/12\/Podanie-o-wznowienie-studiow-na-czas-obrony-I-stopien-2.docx\" download><span>DOCX 14 KB<\/span><span><img decoding=\"async\" src=\"https:\/\/msos.uwr.edu.pl\/wp-content\/themes\/jednostka\/img\/bs_downloadArrow.svg\" alt=\"Ikona pobierania\"><\/span><\/a><\/div>\n\n\n<div style=\"height:20px\" aria-hidden=\"true\" class=\"wp-block-spacer\"><\/div>\n\n\n<div class=\"bs_fileDownloadURL\">\n<div class=\"wp-block-file\"><a id=\"wp-block-file--media-9833ad78-8c70-4fd4-ac6c-0d4df0efff01\" href=\"https:\/\/msos.uwr.edu.pl\/wp-content\/uploads\/sites\/4\/2024\/12\/Podanie-o-wznowienie-studiow-na-czas-obrony-II-stopien-6.docx\">Podanie o wznowienie studi\u00f3w w celu obrony II stopie\u0144 <\/a><\/div>\n<a href=\"https:\/\/msos.uwr.edu.pl\/wp-content\/uploads\/sites\/4\/2024\/12\/Podanie-o-wznowienie-studiow-na-czas-obrony-II-stopien-6.docx\" download><span>DOCX 13 KB<\/span><span><img decoding=\"async\" src=\"https:\/\/msos.uwr.edu.pl\/wp-content\/themes\/jednostka\/img\/bs_downloadArrow.svg\" alt=\"Ikona pobierania\"><\/span><\/a><\/div>\n\n\n<div style=\"height:20px\" aria-hidden=\"true\" class=\"wp-block-spacer\"><\/div>\n\n\n<div class=\"bs_fileDownloadURL\">\n<div class=\"wp-block-file\"><a id=\"wp-block-file--media-0724fcc9-5164-411f-bd7b-20742b70d068\" href=\"https:\/\/msos.uwr.edu.pl\/wp-content\/uploads\/sites\/4\/2024\/12\/Podanie-o-egzamin-komisyjny.docx\">Podanie o egzamin komisyjny<\/a><\/div>\n<a href=\"https:\/\/msos.uwr.edu.pl\/wp-content\/uploads\/sites\/4\/2024\/12\/Podanie-o-egzamin-komisyjny.docx\" download><span>DOCX 15 KB<\/span><span><img decoding=\"async\" src=\"https:\/\/msos.uwr.edu.pl\/wp-content\/themes\/jednostka\/img\/bs_downloadArrow.svg\" alt=\"Ikona pobierania\"><\/span><\/a><\/div>\n\n\n<div style=\"height:20px\" aria-hidden=\"true\" class=\"wp-block-spacer\"><\/div>\n\n\n<div class=\"bs_fileDownloadURL\">\n<div class=\"wp-block-file\"><a id=\"wp-block-file--media-0debc6c4-d1f7-4419-b652-c86ecf3d2b13\" href=\"https:\/\/msos.uwr.edu.pl\/wp-content\/uploads\/sites\/4\/2024\/12\/Podanie-o-egzamin-przed-sesja-1.docx\">Podanie o egzamin przed sesj\u0105<\/a><\/div>\n<a href=\"https:\/\/msos.uwr.edu.pl\/wp-content\/uploads\/sites\/4\/2024\/12\/Podanie-o-egzamin-przed-sesja-1.docx\" download><span>DOCX 20 KB<\/span><span><img decoding=\"async\" src=\"https:\/\/msos.uwr.edu.pl\/wp-content\/themes\/jednostka\/img\/bs_downloadArrow.svg\" alt=\"Ikona pobierania\"><\/span><\/a><\/div>\n\n\n<div style=\"height:20px\" aria-hidden=\"true\" class=\"wp-block-spacer\"><\/div>\n\n\n<div class=\"bs_fileDownloadURL\">\n<div class=\"wp-block-file\"><a id=\"wp-block-file--media-2fcef2fc-afb3-4dfd-b126-338514f328b8\" href=\"https:\/\/msos.uwr.edu.pl\/wp-content\/uploads\/sites\/4\/2024\/12\/Podanie-o-IPS.docx\">Podanie o IPS<\/a><\/div>\n<a href=\"https:\/\/msos.uwr.edu.pl\/wp-content\/uploads\/sites\/4\/2024\/12\/Podanie-o-IPS.docx\" download><span>DOCX 13 KB<\/span><span><img decoding=\"async\" src=\"https:\/\/msos.uwr.edu.pl\/wp-content\/themes\/jednostka\/img\/bs_downloadArrow.svg\" alt=\"Ikona pobierania\"><\/span><\/a><\/div>\n\n\n<div style=\"height:20px\" aria-hidden=\"true\" class=\"wp-block-spacer\"><\/div>\n\n\n<div class=\"bs_fileDownloadURL\">\n<div class=\"wp-block-file\"><a id=\"wp-block-file--media-5bc8c6a8-35b9-4ae7-8ffd-4f84faa6987f\" href=\"https:\/\/msos.uwr.edu.pl\/wp-content\/uploads\/sites\/4\/2024\/12\/Podanie-o-rozlozenie-na-raty-oplat.docx\">Podanie o roz\u0142o\u017cenie na raty op\u0142at<\/a><\/div>\n<a href=\"https:\/\/msos.uwr.edu.pl\/wp-content\/uploads\/sites\/4\/2024\/12\/Podanie-o-rozlozenie-na-raty-oplat.docx\" download><span>DOCX 13 KB<\/span><span><img decoding=\"async\" src=\"https:\/\/msos.uwr.edu.pl\/wp-content\/themes\/jednostka\/img\/bs_downloadArrow.svg\" alt=\"Ikona pobierania\"><\/span><\/a><\/div>\n\n\n<div style=\"height:20px\" aria-hidden=\"true\" class=\"wp-block-spacer\"><\/div>\n\n\n<div class=\"bs_fileDownloadURL\">\n<div class=\"wp-block-file\"><a id=\"wp-block-file--media-93ab8812-ab16-44b8-87a3-3bf209d48150\" href=\"https:\/\/msos.uwr.edu.pl\/wp-content\/uploads\/sites\/4\/2020\/12\/Deklaracja-wyboru-pracy-dyplomowej.docx\">Deklaracja wyboru pracy dyplomowej<\/a><\/div>\n<a href=\"https:\/\/msos.uwr.edu.pl\/wp-content\/uploads\/sites\/4\/2020\/12\/Deklaracja-wyboru-pracy-dyplomowej.docx\" download><span>DOCX 12 KB<\/span><span><img decoding=\"async\" src=\"https:\/\/msos.uwr.edu.pl\/wp-content\/themes\/jednostka\/img\/bs_downloadArrow.svg\" alt=\"Ikona pobierania\"><\/span><\/a><\/div>\n\n\n<p><\/p>\n<\/div>\n\n\n\n<div class=\"wp-block-column is-layout-flow wp-block-column-is-layout-flow\" style=\"flex-basis:35%\">\n<figure class=\"wp-block-image aligncenter size-large is-resized\"><img loading=\"lazy\" decoding=\"async\" width=\"511\" height=\"512\" src=\"https:\/\/msos.uwr.edu.pl\/wp-content\/uploads\/sites\/4\/2020\/11\/resume1.svg\" alt=\"Ikona dokumentu z d\u0142ugopisem\" class=\"wp-image-2646\" style=\"width:152px;height:152px\"\/><\/figure>\n\n\n\n<p><\/p>\n<\/div>\n<\/div>\n\n\n\n<div style=\"height:50px\" aria-hidden=\"true\" class=\"wp-block-spacer\"><\/div>\n\n\n\n<h2 class=\"wp-block-heading has-black-color has-text-color\" style=\"font-size:40px\">Formularze i podania do dyplomowania<\/h2>\n\n\n\n<div class=\"wp-block-columns is-layout-flex wp-block-columns-is-layout-flex\">\n<div class=\"wp-block-column is-layout-flow wp-block-column-is-layout-flow\"><div class=\"bs_fileDownloadURL\">\n<div class=\"wp-block-file\"><a id=\"wp-block-file--media-e5ed8dc3-93ff-42e8-a870-63a68a843863\" href=\"https:\/\/msos.uwr.edu.pl\/wp-content\/uploads\/sites\/4\/2022\/06\/Informacje-do-suplementu_MSOS.doc\">Informacje do suplementu MSOS<\/a><\/div>\n<a href=\"https:\/\/msos.uwr.edu.pl\/wp-content\/uploads\/sites\/4\/2022\/06\/Informacje-do-suplementu_MSOS.doc\" download><span>DOC 41 KB<\/span><span><img decoding=\"async\" src=\"https:\/\/msos.uwr.edu.pl\/wp-content\/themes\/jednostka\/img\/bs_downloadArrow.svg\" alt=\"Ikona pobierania\"><\/span><\/a><\/div>\n\n\n<div style=\"height:20px\" aria-hidden=\"true\" class=\"wp-block-spacer\"><\/div>\n\n\n<div class=\"bs_fileDownloadURL\">\n<div class=\"wp-block-file\"><a id=\"wp-block-file--media-9bbe7f09-4edf-4b39-a9ff-941a9c691041\" href=\"https:\/\/msos.uwr.edu.pl\/wp-content\/uploads\/sites\/4\/2024\/06\/Formularz.pdf\">Formularz o\u015bwiadczenia udzia\u0142u w ankiecie los\u00f3w zawodowych absolwent\u00f3w<\/a><\/div>\n<a href=\"https:\/\/msos.uwr.edu.pl\/wp-content\/uploads\/sites\/4\/2024\/06\/Formularz.pdf\" download><span>PDF 128 KB<\/span><span><img decoding=\"async\" src=\"https:\/\/msos.uwr.edu.pl\/wp-content\/themes\/jednostka\/img\/bs_downloadArrow.svg\" alt=\"Ikona pobierania\"><\/span><\/a><\/div>\n\n\n<div style=\"height:20px\" aria-hidden=\"true\" class=\"wp-block-spacer\"><\/div>\n\n\n<div class=\"bs_fileDownloadURL\">\n<div class=\"wp-block-file\"><a id=\"wp-block-file--media-dc6b70e5-a6e4-495b-a9ae-50472461f3fc\" href=\"https:\/\/msos.uwr.edu.pl\/wp-content\/uploads\/sites\/4\/2022\/06\/podanie_dyplom_ang_2022.docx\">Podanie o dyplom w j\u0119zyku angielskim<\/a><\/div>\n<a href=\"https:\/\/msos.uwr.edu.pl\/wp-content\/uploads\/sites\/4\/2022\/06\/podanie_dyplom_ang_2022.docx\" download><span>DOCX 15 KB<\/span><span><img decoding=\"async\" src=\"https:\/\/msos.uwr.edu.pl\/wp-content\/themes\/jednostka\/img\/bs_downloadArrow.svg\" alt=\"Ikona pobierania\"><\/span><\/a><\/div>\n\n\n<div style=\"height:20px\" aria-hidden=\"true\" class=\"wp-block-spacer\"><\/div>\n\n\n<div class=\"bs_fileDownloadURL\">\n<div class=\"wp-block-file\"><a id=\"wp-block-file--media-0f7118e3-9782-44df-af50-944010613018\" href=\"https:\/\/msos.uwr.edu.pl\/wp-content\/uploads\/sites\/4\/2020\/11\/karta_obiegowa.pdf\">Karta obiegowa<\/a><\/div>\n<a href=\"https:\/\/msos.uwr.edu.pl\/wp-content\/uploads\/sites\/4\/2020\/11\/karta_obiegowa.pdf\" download><span>PDF 57 KB<\/span><span><img decoding=\"async\" src=\"https:\/\/msos.uwr.edu.pl\/wp-content\/themes\/jednostka\/img\/bs_downloadArrow.svg\" alt=\"Ikona pobierania\"><\/span><\/a><\/div>\n\n\n<div style=\"height:20px\" aria-hidden=\"true\" class=\"wp-block-spacer\"><\/div>\n\n\n\n<p><\/p>\n<\/div>\n\n\n\n<div class=\"wp-block-column is-layout-flow wp-block-column-is-layout-flow\" style=\"flex-basis:35%\">\n<figure class=\"wp-block-image aligncenter size-large is-resized\"><img loading=\"lazy\" decoding=\"async\" width=\"511\" height=\"512\" src=\"https:\/\/msos.uwr.edu.pl\/wp-content\/uploads\/sites\/4\/2020\/11\/resume1.svg\" alt=\"Ikona dokumentu z d\u0142ugopisem\" class=\"wp-image-2646\" style=\"width:152px;height:152px\"\/><\/figure>\n\n\n\n<p><\/p>\n<\/div>\n<\/div>\n","protected":false},"excerpt":{"rendered":"<p>Regulaminy Podania Formularze i podania do dyplomowania<\/p>\n","protected":false},"author":9,"featured_media":0,"parent":0,"menu_order":0,"comment_status":"closed","ping_status":"closed","template":"","meta":{"inline_featured_image":false,"site-sidebar-layout":"no-sidebar","site-content-layout":"page-builder","ast-site-content-layout":"full-width-container","site-content-style":"unboxed","site-sidebar-style":"unboxed","ast-global-header-display":"","ast-banner-title-visibility":"","ast-main-header-display":"","ast-hfb-above-header-display":"","ast-hfb-below-header-display":"","ast-hfb-mobile-header-display":"","site-post-title":"disabled","ast-breadcrumbs-content":"","ast-featured-img":"","footer-sml-layout":"","ast-disable-related-posts":"","theme-transparent-header-meta":"default","adv-header-id-meta":"","stick-header-meta":"","header-above-stick-meta":"","header-main-stick-meta":"","header-below-stick-meta":"","astra-migrate-meta-layouts":"set","ast-page-background-enabled":"default","ast-page-background-meta":{"desktop":{"background-color":"","background-image":"","background-repeat":"repeat","background-position":"center center","background-size":"auto","background-attachment":"scroll","background-type":"","background-media":"","overlay-type":"","overlay-color":"","overlay-opacity":"","overlay-gradient":""},"tablet":{"background-color":"","background-image":"","background-repeat":"repeat","background-position":"center center","background-size":"auto","background-attachment":"scroll","background-type":"","background-media":"","overlay-type":"","overlay-color":"","overlay-opacity":"","overlay-gradient":""},"mobile":{"background-color":"","background-image":"","background-repeat":"repeat","background-position":"center center","background-size":"auto","background-attachment":"scroll","background-type":"","background-media":"","overlay-type":"","overlay-color":"","overlay-opacity":"","overlay-gradient":""}},"ast-content-background-meta":{"desktop":{"background-color":"var(--ast-global-color-5)","background-image":"","background-repeat":"repeat","background-position":"center center","background-size":"auto","background-attachment":"scroll","background-type":"","background-media":"","overlay-type":"","overlay-color":"","overlay-opacity":"","overlay-gradient":""},"tablet":{"background-color":"var(--ast-global-color-5)","background-image":"","background-repeat":"repeat","background-position":"center center","background-size":"auto","background-attachment":"scroll","background-type":"","background-media":"","overlay-type":"","overlay-color":"","overlay-opacity":"","overlay-gradient":""},"mobile":{"background-color":"var(--ast-global-color-5)","background-image":"","background-repeat":"repeat","background-position":"center center","background-size":"auto","background-attachment":"scroll","background-type":"","background-media":"","overlay-type":"","overlay-color":"","overlay-opacity":"","overlay-gradient":""}},"footnotes":""},"class_list":["post-2256","page","type-page","status-publish","hentry"],"_links":{"self":[{"href":"https:\/\/msos.uwr.edu.pl\/en\/wp-json\/wp\/v2\/pages\/2256","targetHints":{"allow":["GET"]}}],"collection":[{"href":"https:\/\/msos.uwr.edu.pl\/en\/wp-json\/wp\/v2\/pages"}],"about":[{"href":"https:\/\/msos.uwr.edu.pl\/en\/wp-json\/wp\/v2\/types\/page"}],"author":[{"embeddable":true,"href":"https:\/\/msos.uwr.edu.pl\/en\/wp-json\/wp\/v2\/users\/9"}],"replies":[{"embeddable":true,"href":"https:\/\/msos.uwr.edu.pl\/en\/wp-json\/wp\/v2\/comments?post=2256"}],"version-history":[{"count":51,"href":"https:\/\/msos.uwr.edu.pl\/en\/wp-json\/wp\/v2\/pages\/2256\/revisions"}],"predecessor-version":[{"id":10269,"href":"https:\/\/msos.uwr.edu.pl\/en\/wp-json\/wp\/v2\/pages\/2256\/revisions\/10269"}],"wp:attachment":[{"href":"https:\/\/msos.uwr.edu.pl\/en\/wp-json\/wp\/v2\/media?parent=2256"}],"curies":[{"name":"wp","href":"https:\/\/api.w.org\/{rel}","templated":true}]}}