{"id":1873,"date":"2020-11-24T16:57:15","date_gmt":"2020-11-24T15:57:15","guid":{"rendered":"https:\/\/msos.uwr.edu.pl\/?page_id=1873"},"modified":"2024-12-04T10:22:36","modified_gmt":"2024-12-04T09:22:36","slug":"kolo-naukowe","status":"publish","type":"page","link":"https:\/\/msos.uwr.edu.pl\/en\/kolo-naukowe\/","title":{"rendered":"Ko\u0142o naukowe"},"content":{"rendered":"\n<figure class=\"wp-block-image alignfull size-large\"><img loading=\"lazy\" decoding=\"async\" width=\"1024\" height=\"179\" src=\"https:\/\/msos.uwr.edu.pl\/wp-content\/uploads\/sites\/4\/2020\/11\/hand-helping-planting-tree-garden-1024x179.png\" alt=\"\" class=\"wp-image-1997\" srcset=\"https:\/\/msos.uwr.edu.pl\/wp-content\/uploads\/sites\/4\/2020\/11\/hand-helping-planting-tree-garden-1024x179.png 1024w, https:\/\/msos.uwr.edu.pl\/wp-content\/uploads\/sites\/4\/2020\/11\/hand-helping-planting-tree-garden-300x52.png 300w, https:\/\/msos.uwr.edu.pl\/wp-content\/uploads\/sites\/4\/2020\/11\/hand-helping-planting-tree-garden-768x134.png 768w, https:\/\/msos.uwr.edu.pl\/wp-content\/uploads\/sites\/4\/2020\/11\/hand-helping-planting-tree-garden-1536x268.png 1536w, https:\/\/msos.uwr.edu.pl\/wp-content\/uploads\/sites\/4\/2020\/11\/hand-helping-planting-tree-garden.png 1920w\" sizes=\"auto, (max-width: 1024px) 100vw, 1024px\" \/><\/figure>\n\n\n\n<div style=\"height:50px\" aria-hidden=\"true\" class=\"wp-block-spacer\"><\/div>\n\n\n\n<div class=\"wp-block-columns is-layout-flex wp-block-columns-is-layout-flex\">\n<div class=\"wp-block-column is-layout-flow wp-block-column-is-layout-flow\" style=\"flex-basis:65%\">\n<h1 class=\"wp-block-heading\" style=\"font-size:40px\">KNS Ochrony \u015arodowiska<\/h1>\n\n\n\n<div class=\"wp-block-columns is-layout-flex wp-block-columns-is-layout-flex\">\n<div class=\"wp-block-column is-layout-flow wp-block-column-is-layout-flow\" style=\"flex-basis:33.8%\">\n<div style=\"height:20px\" aria-hidden=\"true\" class=\"wp-block-spacer\"><\/div>\n\n\n\n<figure class=\"wp-block-image alignleft size-large is-resized\"><img loading=\"lazy\" decoding=\"async\" width=\"571\" height=\"454\" src=\"https:\/\/msos.uwr.edu.pl\/wp-content\/uploads\/sites\/4\/2020\/11\/logokola.jpg\" alt=\"Logo Ko\u0142a Naukowego Ochrony \u015arodowiska\" class=\"wp-image-1874\" style=\"width:279px;height:221px\" srcset=\"https:\/\/msos.uwr.edu.pl\/wp-content\/uploads\/sites\/4\/2020\/11\/logokola.jpg 571w, https:\/\/msos.uwr.edu.pl\/wp-content\/uploads\/sites\/4\/2020\/11\/logokola-300x239.jpg 300w\" sizes=\"auto, (max-width: 571px) 100vw, 571px\" \/><\/figure>\n<\/div>\n\n\n\n<div class=\"wp-block-column is-vertically-aligned-center is-layout-flow wp-block-column-is-layout-flow\">\n<div style=\"height:30px\" aria-hidden=\"true\" class=\"wp-block-spacer\"><\/div>\n\n\n\n<p class=\"has-medium-font-size\">Zapraszamy do zapoznania si\u0119 z ofert\u0105 Ko\u0142a Naukowego Ochrony \u015arodowiska, kt\u00f3re powsta\u0142o w roku 1997.<\/p>\n<\/div>\n<\/div>\n\n\n\n<p style=\"font-size:18px\">Opiekunem ko\u0142a jest dr\u00a0Marta Jakubiak.<\/p>\n\n\n\n<p class=\"bs-links has-normal-font-size\">Dzia\u0142aj\u0105 w nim g\u0142\u00f3wnie studenci Mi\u0119dzywydzia\u0142owego Studium Ochrony \u015arodowiska Uniwersytetu Wroc\u0142awskiego. Siedziba Ko\u0142a znajduj\u0119 si\u0119 w Instytucie Nauk Geologicznych przy ul. Cybulskiego 30. <br><br>Wi\u0119cej informacji dost\u0119pnych jest pod adresem <a rel=\"noreferrer noopener\" href=\"https:\/\/kns-ochrony-srodowiska.blogspot.com\/\" target=\"_blank\">https:\/\/kns-ochrony-srodowiska.blogspot.com\/<\/a><br>lub na naszym facebooku   <a rel=\"noreferrer noopener\" href=\"https:\/\/www.facebook.com\/KNSOchronySrodowiska\" target=\"_blank\">https:\/\/www.facebook.com\/KNSOchronySrodowiska<\/a><\/p>\n<\/div>\n\n\n\n<div class=\"wp-block-column is-layout-flow wp-block-column-is-layout-flow\">\n<div style=\"height:79px\" aria-hidden=\"true\" class=\"wp-block-spacer\"><\/div>\n\n\n\n<figure class=\"wp-block-image alignright size-large\"><img loading=\"lazy\" decoding=\"async\" width=\"399\" height=\"590\" src=\"https:\/\/msos.uwr.edu.pl\/wp-content\/uploads\/sites\/4\/2020\/11\/DSC_8975a.png\" alt=\"Studentka w\u015br\u00f3d ro\u015blin\" class=\"wp-image-1876\" srcset=\"https:\/\/msos.uwr.edu.pl\/wp-content\/uploads\/sites\/4\/2020\/11\/DSC_8975a.png 399w, https:\/\/msos.uwr.edu.pl\/wp-content\/uploads\/sites\/4\/2020\/11\/DSC_8975a-203x300.png 203w\" sizes=\"auto, (max-width: 399px) 100vw, 399px\" \/><\/figure>\n<\/div>\n<\/div>\n","protected":false},"excerpt":{"rendered":"<p>KNS Ochrony \u015arodowiska Zapraszamy do zapoznania si\u0119 z ofert\u0105 Ko\u0142a Naukowego Ochrony \u015arodowiska, kt\u00f3re powsta\u0142o w roku 1997. Opiekunem ko\u0142a jest dr\u00a0Marta Jakubiak. Dzia\u0142aj\u0105 w nim g\u0142\u00f3wnie studenci Mi\u0119dzywydzia\u0142owego Studium Ochrony \u015arodowiska Uniwersytetu Wroc\u0142awskiego. Siedziba Ko\u0142a znajduj\u0119 si\u0119 w Instytucie Nauk Geologicznych przy ul. Cybulskiego 30. Wi\u0119cej informacji dost\u0119pnych jest pod adresem https:\/\/kns-ochrony-srodowiska.blogspot.com\/lub na naszym [&hellip;]<\/p>\n","protected":false},"author":9,"featured_media":0,"parent":0,"menu_order":0,"comment_status":"closed","ping_status":"closed","template":"","meta":{"inline_featured_image":false,"site-sidebar-layout":"no-sidebar","site-content-layout":"page-builder","ast-site-content-layout":"full-width-container","site-content-style":"unboxed","site-sidebar-style":"unboxed","ast-global-header-display":"","ast-banner-title-visibility":"","ast-main-header-display":"","ast-hfb-above-header-display":"","ast-hfb-below-header-display":"","ast-hfb-mobile-header-display":"","site-post-title":"disabled","ast-breadcrumbs-content":"","ast-featured-img":"","footer-sml-layout":"","ast-disable-related-posts":"","theme-transparent-header-meta":"default","adv-header-id-meta":"","stick-header-meta":"","header-above-stick-meta":"","header-main-stick-meta":"","header-below-stick-meta":"","astra-migrate-meta-layouts":"set","ast-page-background-enabled":"default","ast-page-background-meta":{"desktop":{"background-color":"","background-image":"","background-repeat":"repeat","background-position":"center center","background-size":"auto","background-attachment":"scroll","background-type":"","background-media":"","overlay-type":"","overlay-color":"","overlay-opacity":"","overlay-gradient":""},"tablet":{"background-color":"","background-image":"","background-repeat":"repeat","background-position":"center center","background-size":"auto","background-attachment":"scroll","background-type":"","background-media":"","overlay-type":"","overlay-color":"","overlay-opacity":"","overlay-gradient":""},"mobile":{"background-color":"","background-image":"","background-repeat":"repeat","background-position":"center center","background-size":"auto","background-attachment":"scroll","background-type":"","background-media":"","overlay-type":"","overlay-color":"","overlay-opacity":"","overlay-gradient":""}},"ast-content-background-meta":{"desktop":{"background-color":"var(--ast-global-color-5)","background-image":"","background-repeat":"repeat","background-position":"center center","background-size":"auto","background-attachment":"scroll","background-type":"","background-media":"","overlay-type":"","overlay-color":"","overlay-opacity":"","overlay-gradient":""},"tablet":{"background-color":"var(--ast-global-color-5)","background-image":"","background-repeat":"repeat","background-position":"center center","background-size":"auto","background-attachment":"scroll","background-type":"","background-media":"","overlay-type":"","overlay-color":"","overlay-opacity":"","overlay-gradient":""},"mobile":{"background-color":"var(--ast-global-color-5)","background-image":"","background-repeat":"repeat","background-position":"center center","background-size":"auto","background-attachment":"scroll","background-type":"","background-media":"","overlay-type":"","overlay-color":"","overlay-opacity":"","overlay-gradient":""}},"footnotes":""},"class_list":["post-1873","page","type-page","status-publish","hentry"],"_links":{"self":[{"href":"https:\/\/msos.uwr.edu.pl\/en\/wp-json\/wp\/v2\/pages\/1873","targetHints":{"allow":["GET"]}}],"collection":[{"href":"https:\/\/msos.uwr.edu.pl\/en\/wp-json\/wp\/v2\/pages"}],"about":[{"href":"https:\/\/msos.uwr.edu.pl\/en\/wp-json\/wp\/v2\/types\/page"}],"author":[{"embeddable":true,"href":"https:\/\/msos.uwr.edu.pl\/en\/wp-json\/wp\/v2\/users\/9"}],"replies":[{"embeddable":true,"href":"https:\/\/msos.uwr.edu.pl\/en\/wp-json\/wp\/v2\/comments?post=1873"}],"version-history":[{"count":17,"href":"https:\/\/msos.uwr.edu.pl\/en\/wp-json\/wp\/v2\/pages\/1873\/revisions"}],"predecessor-version":[{"id":9581,"href":"https:\/\/msos.uwr.edu.pl\/en\/wp-json\/wp\/v2\/pages\/1873\/revisions\/9581"}],"wp:attachment":[{"href":"https:\/\/msos.uwr.edu.pl\/en\/wp-json\/wp\/v2\/media?parent=1873"}],"curies":[{"name":"wp","href":"https:\/\/api.w.org\/{rel}","templated":true}]}}