{"id":1688,"date":"2020-11-24T08:45:21","date_gmt":"2020-11-24T07:45:21","guid":{"rendered":"https:\/\/msos.uwr.edu.pl\/?page_id=1688"},"modified":"2025-03-11T08:03:45","modified_gmt":"2025-03-11T07:03:45","slug":"wladze","status":"publish","type":"page","link":"https:\/\/msos.uwr.edu.pl\/en\/wladze\/","title":{"rendered":"W\u0142adze"},"content":{"rendered":"\n<figure class=\"wp-block-image alignfull size-large\"><img loading=\"lazy\" decoding=\"async\" width=\"1024\" height=\"211\" src=\"https:\/\/msos.uwr.edu.pl\/wp-content\/uploads\/sites\/4\/2020\/11\/1-17-1024x211.jpg\" alt=\"Budynek Uniwersytetu Wroc\u0142awskiego\" class=\"wp-image-2873\" srcset=\"https:\/\/msos.uwr.edu.pl\/wp-content\/uploads\/sites\/4\/2020\/11\/1-17-1024x211.jpg 1024w, https:\/\/msos.uwr.edu.pl\/wp-content\/uploads\/sites\/4\/2020\/11\/1-17-300x62.jpg 300w, https:\/\/msos.uwr.edu.pl\/wp-content\/uploads\/sites\/4\/2020\/11\/1-17-768x158.jpg 768w, https:\/\/msos.uwr.edu.pl\/wp-content\/uploads\/sites\/4\/2020\/11\/1-17-1536x316.jpg 1536w, https:\/\/msos.uwr.edu.pl\/wp-content\/uploads\/sites\/4\/2020\/11\/1-17-2048x421.jpg 2048w\" sizes=\"auto, (max-width: 1024px) 100vw, 1024px\" \/><\/figure>\n\n\n\n<div style=\"height:50px\" aria-hidden=\"true\" class=\"wp-block-spacer\"><\/div>\n\n\n<h1 class=\"wp-block-post-title\">W\u0142adze<\/h1>\n\n\n<div style=\"height:60px\" aria-hidden=\"true\" class=\"wp-block-spacer\"><\/div>\n\n\n\n<figure class=\"wp-block-image aligncenter size-full is-resized\"><img loading=\"lazy\" decoding=\"async\" width=\"1067\" height=\"1046\" src=\"https:\/\/msos.uwr.edu.pl\/wp-content\/uploads\/sites\/4\/2025\/03\/Marek-Blas-fot.-Pawel-Piotrowski-106.png\" alt=\"\" class=\"wp-image-9868\" style=\"aspect-ratio:1;width:305px;height:auto\" srcset=\"https:\/\/msos.uwr.edu.pl\/wp-content\/uploads\/sites\/4\/2025\/03\/Marek-Blas-fot.-Pawel-Piotrowski-106.png 1067w, https:\/\/msos.uwr.edu.pl\/wp-content\/uploads\/sites\/4\/2025\/03\/Marek-Blas-fot.-Pawel-Piotrowski-106-300x294.png 300w, https:\/\/msos.uwr.edu.pl\/wp-content\/uploads\/sites\/4\/2025\/03\/Marek-Blas-fot.-Pawel-Piotrowski-106-1024x1004.png 1024w, https:\/\/msos.uwr.edu.pl\/wp-content\/uploads\/sites\/4\/2025\/03\/Marek-Blas-fot.-Pawel-Piotrowski-106-768x753.png 768w\" sizes=\"auto, (max-width: 1067px) 100vw, 1067px\" \/><figcaption class=\"wp-element-caption\"><strong>dr hab. Marek B\u0142a\u015b<\/strong><\/figcaption><\/figure>\n\n\n\n<p class=\"has-text-align-center\">Dyrektor Studium<br>Dy\u017cur: czwartki godzina 10.00-11.00<\/p>\n\n\n\n<div style=\"height:60px\" aria-hidden=\"true\" class=\"wp-block-spacer\"><\/div>\n\n\n\n<div class=\"wp-block-columns is-layout-flex wp-block-columns-is-layout-flex\">\n<div class=\"wp-block-column is-layout-flow wp-block-column-is-layout-flow\">\n<p class=\"has-text-align-center has-black-color has-text-color\"><\/p>\n\n\n\n<p><\/p>\n<\/div>\n\n\n\n<div class=\"wp-block-column is-layout-flow wp-block-column-is-layout-flow\">\n<figure class=\"wp-block-image aligncenter size-large is-resized\"><img loading=\"lazy\" decoding=\"async\" width=\"1022\" height=\"1024\" src=\"https:\/\/msos.uwr.edu.pl\/wp-content\/uploads\/sites\/4\/2020\/11\/4D8A1483_Easy-Resize.com_-1-1022x1024.jpg\" alt=\"dr hab. El\u017cbieta My\u015bkow\" class=\"wp-image-2666\" style=\"width:299px;height:298px\" srcset=\"https:\/\/msos.uwr.edu.pl\/wp-content\/uploads\/sites\/4\/2020\/11\/4D8A1483_Easy-Resize.com_-1-1022x1024.jpg 1022w, https:\/\/msos.uwr.edu.pl\/wp-content\/uploads\/sites\/4\/2020\/11\/4D8A1483_Easy-Resize.com_-1-300x300.jpg 300w, https:\/\/msos.uwr.edu.pl\/wp-content\/uploads\/sites\/4\/2020\/11\/4D8A1483_Easy-Resize.com_-1-150x150.jpg 150w, https:\/\/msos.uwr.edu.pl\/wp-content\/uploads\/sites\/4\/2020\/11\/4D8A1483_Easy-Resize.com_-1-768x769.jpg 768w, https:\/\/msos.uwr.edu.pl\/wp-content\/uploads\/sites\/4\/2020\/11\/4D8A1483_Easy-Resize.com_-1.jpg 1278w\" sizes=\"auto, (max-width: 1022px) 100vw, 1022px\" \/><figcaption class=\"wp-element-caption\"><strong>dr hab. El\u017cbieta My\u015bkow<\/strong><\/figcaption><\/figure>\n\n\n\n<p class=\"has-text-align-center has-black-color has-text-color\">Prodziekan ds. nauczania Wydzia\u0142u Nauk Biologicznych<br>&#8212; Sprawy program\u00f3w studi\u00f3w I stopnia &#8212;<br>Dy\u017cur: Spotkanie nale\u017cy umawia\u0107 indywidualnie<\/p>\n<\/div>\n<\/div>\n\n\n\n<div class=\"wp-block-columns is-layout-flex wp-block-columns-is-layout-flex\">\n<div class=\"wp-block-column is-layout-flow wp-block-column-is-layout-flow\">\n<figure class=\"wp-block-image aligncenter size-large is-resized\"><img loading=\"lazy\" decoding=\"async\" width=\"832\" height=\"833\" src=\"https:\/\/msos.uwr.edu.pl\/wp-content\/uploads\/sites\/4\/2020\/11\/Joanna-Lubocka-4_Easy-Resize.com_-1.jpg\" alt=\"dr Joanna \u0141ubocka prof. UWr\" class=\"wp-image-2594\" style=\"width:292px;height:291px\" srcset=\"https:\/\/msos.uwr.edu.pl\/wp-content\/uploads\/sites\/4\/2020\/11\/Joanna-Lubocka-4_Easy-Resize.com_-1.jpg 832w, https:\/\/msos.uwr.edu.pl\/wp-content\/uploads\/sites\/4\/2020\/11\/Joanna-Lubocka-4_Easy-Resize.com_-1-300x300.jpg 300w, https:\/\/msos.uwr.edu.pl\/wp-content\/uploads\/sites\/4\/2020\/11\/Joanna-Lubocka-4_Easy-Resize.com_-1-150x150.jpg 150w, https:\/\/msos.uwr.edu.pl\/wp-content\/uploads\/sites\/4\/2020\/11\/Joanna-Lubocka-4_Easy-Resize.com_-1-768x769.jpg 768w\" sizes=\"auto, (max-width: 832px) 100vw, 832px\" \/><figcaption class=\"wp-element-caption\"><strong><strong>dr Joanna \u0141ubocka<\/strong><\/strong> <strong>prof. UWr<\/strong><\/figcaption><\/figure>\n\n\n\n<p class=\"has-text-align-center has-black-color has-text-color\">Prodziekanka ds. studenckich Wydzia\u0142u Nauk Biologicznych<br>&#8212; Sprawy dydaktyczne student\u00f3w studi\u00f3w I stopnia &#8212;<br>Dy\u017cur: Spotkanie nale\u017cy umawia\u0107 indywidualnie<\/p>\n<\/div>\n\n\n\n<div class=\"wp-block-column is-layout-flow wp-block-column-is-layout-flow\">\n<figure class=\"wp-block-image aligncenter size-full is-resized\"><img loading=\"lazy\" decoding=\"async\" width=\"620\" height=\"653\" src=\"https:\/\/msos.uwr.edu.pl\/wp-content\/uploads\/sites\/4\/2024\/09\/ag2.jpg\" alt=\"\" class=\"wp-image-8855\" style=\"width:294px;height:294px\" srcset=\"https:\/\/msos.uwr.edu.pl\/wp-content\/uploads\/sites\/4\/2024\/09\/ag2.jpg 620w, https:\/\/msos.uwr.edu.pl\/wp-content\/uploads\/sites\/4\/2024\/09\/ag2-285x300.jpg 285w\" sizes=\"auto, (max-width: 620px) 100vw, 620px\" \/><figcaption class=\"wp-element-caption\"><strong>dr Anna Grochowska<\/strong><\/figcaption><\/figure>\n\n\n\n<p class=\"has-text-align-center has-black-color has-text-color\">Prodziekanka ds. studenckich i nauczania<br> Wydzia\u0142u Nauk o Ziemi i Kszta\u0142towania \u015arodowiska<br>&#8212; Sprawy dydaktyczne student\u00f3w studi\u00f3w II stopnia &#8212;<br>Dy\u017cur: Spotkanie nale\u017cy umawia\u0107 indywidualnie<\/p>\n<\/div>\n<\/div>\n","protected":false},"excerpt":{"rendered":"<p>Dyrektor StudiumDy\u017cur: czwartki godzina 10.00-11.00 Prodziekan ds. nauczania Wydzia\u0142u Nauk Biologicznych&#8212; Sprawy program\u00f3w studi\u00f3w I stopnia &#8212;Dy\u017cur: Spotkanie nale\u017cy umawia\u0107 indywidualnie Prodziekanka ds. studenckich Wydzia\u0142u Nauk Biologicznych&#8212; Sprawy dydaktyczne student\u00f3w studi\u00f3w I stopnia &#8212;Dy\u017cur: Spotkanie nale\u017cy umawia\u0107 indywidualnie Prodziekanka ds. studenckich i nauczania Wydzia\u0142u Nauk o Ziemi i Kszta\u0142towania \u015arodowiska&#8212; Sprawy dydaktyczne student\u00f3w studi\u00f3w II [&hellip;]<\/p>\n","protected":false},"author":9,"featured_media":0,"parent":0,"menu_order":0,"comment_status":"closed","ping_status":"closed","template":"","meta":{"inline_featured_image":false,"site-sidebar-layout":"no-sidebar","site-content-layout":"page-builder","ast-site-content-layout":"full-width-container","site-content-style":"unboxed","site-sidebar-style":"unboxed","ast-global-header-display":"","ast-banner-title-visibility":"","ast-main-header-display":"","ast-hfb-above-header-display":"","ast-hfb-below-header-display":"","ast-hfb-mobile-header-display":"","site-post-title":"disabled","ast-breadcrumbs-content":"","ast-featured-img":"","footer-sml-layout":"","ast-disable-related-posts":"","theme-transparent-header-meta":"default","adv-header-id-meta":"","stick-header-meta":"","header-above-stick-meta":"","header-main-stick-meta":"","header-below-stick-meta":"","astra-migrate-meta-layouts":"set","ast-page-background-enabled":"default","ast-page-background-meta":{"desktop":{"background-color":"","background-image":"","background-repeat":"repeat","background-position":"center center","background-size":"auto","background-attachment":"scroll","background-type":"","background-media":"","overlay-type":"","overlay-color":"","overlay-opacity":"","overlay-gradient":""},"tablet":{"background-color":"","background-image":"","background-repeat":"repeat","background-position":"center center","background-size":"auto","background-attachment":"scroll","background-type":"","background-media":"","overlay-type":"","overlay-color":"","overlay-opacity":"","overlay-gradient":""},"mobile":{"background-color":"","background-image":"","background-repeat":"repeat","background-position":"center center","background-size":"auto","background-attachment":"scroll","background-type":"","background-media":"","overlay-type":"","overlay-color":"","overlay-opacity":"","overlay-gradient":""}},"ast-content-background-meta":{"desktop":{"background-color":"var(--ast-global-color-5)","background-image":"","background-repeat":"repeat","background-position":"center center","background-size":"auto","background-attachment":"scroll","background-type":"","background-media":"","overlay-type":"","overlay-color":"","overlay-opacity":"","overlay-gradient":""},"tablet":{"background-color":"var(--ast-global-color-5)","background-image":"","background-repeat":"repeat","background-position":"center center","background-size":"auto","background-attachment":"scroll","background-type":"","background-media":"","overlay-type":"","overlay-color":"","overlay-opacity":"","overlay-gradient":""},"mobile":{"background-color":"var(--ast-global-color-5)","background-image":"","background-repeat":"repeat","background-position":"center center","background-size":"auto","background-attachment":"scroll","background-type":"","background-media":"","overlay-type":"","overlay-color":"","overlay-opacity":"","overlay-gradient":""}},"footnotes":""},"class_list":["post-1688","page","type-page","status-publish","hentry"],"_links":{"self":[{"href":"https:\/\/msos.uwr.edu.pl\/en\/wp-json\/wp\/v2\/pages\/1688","targetHints":{"allow":["GET"]}}],"collection":[{"href":"https:\/\/msos.uwr.edu.pl\/en\/wp-json\/wp\/v2\/pages"}],"about":[{"href":"https:\/\/msos.uwr.edu.pl\/en\/wp-json\/wp\/v2\/types\/page"}],"author":[{"embeddable":true,"href":"https:\/\/msos.uwr.edu.pl\/en\/wp-json\/wp\/v2\/users\/9"}],"replies":[{"embeddable":true,"href":"https:\/\/msos.uwr.edu.pl\/en\/wp-json\/wp\/v2\/comments?post=1688"}],"version-history":[{"count":27,"href":"https:\/\/msos.uwr.edu.pl\/en\/wp-json\/wp\/v2\/pages\/1688\/revisions"}],"predecessor-version":[{"id":9874,"href":"https:\/\/msos.uwr.edu.pl\/en\/wp-json\/wp\/v2\/pages\/1688\/revisions\/9874"}],"wp:attachment":[{"href":"https:\/\/msos.uwr.edu.pl\/en\/wp-json\/wp\/v2\/media?parent=1688"}],"curies":[{"name":"wp","href":"https:\/\/api.w.org\/{rel}","templated":true}]}}